{"id":606,"date":"2025-03-24T20:10:26","date_gmt":"2025-03-24T20:10:26","guid":{"rendered":"https:\/\/halcondelmar.com\/en\/?page_id=606"},"modified":"2025-04-15T19:57:27","modified_gmt":"2025-04-15T19:57:27","slug":"bodrum-hisaronu-bodrum","status":"publish","type":"page","link":"https:\/\/www.halcondelmar.com\/en\/bodrum-hisaronu-bodrum\/","title":{"rendered":"Bodrum Hisar\u00f6n\u00fc Bodrum"},"content":{"rendered":"\t\t<div data-elementor-type=\"wp-page\" data-elementor-id=\"606\" class=\"elementor elementor-606\" data-elementor-settings=\"{&quot;element_pack_global_tooltip_width&quot;:{&quot;unit&quot;:&quot;px&quot;,&quot;size&quot;:&quot;&quot;,&quot;sizes&quot;:[]},&quot;element_pack_global_tooltip_width_tablet&quot;:{&quot;unit&quot;:&quot;px&quot;,&quot;size&quot;:&quot;&quot;,&quot;sizes&quot;:[]},&quot;element_pack_global_tooltip_width_mobile&quot;:{&quot;unit&quot;:&quot;px&quot;,&quot;size&quot;:&quot;&quot;,&quot;sizes&quot;:[]},&quot;element_pack_global_tooltip_padding&quot;:{&quot;unit&quot;:&quot;px&quot;,&quot;top&quot;:&quot;&quot;,&quot;right&quot;:&quot;&quot;,&quot;bottom&quot;:&quot;&quot;,&quot;left&quot;:&quot;&quot;,&quot;isLinked&quot;:true},&quot;element_pack_global_tooltip_padding_tablet&quot;:{&quot;unit&quot;:&quot;px&quot;,&quot;top&quot;:&quot;&quot;,&quot;right&quot;:&quot;&quot;,&quot;bottom&quot;:&quot;&quot;,&quot;left&quot;:&quot;&quot;,&quot;isLinked&quot;:true},&quot;element_pack_global_tooltip_padding_mobile&quot;:{&quot;unit&quot;:&quot;px&quot;,&quot;top&quot;:&quot;&quot;,&quot;right&quot;:&quot;&quot;,&quot;bottom&quot;:&quot;&quot;,&quot;left&quot;:&quot;&quot;,&quot;isLinked&quot;:true},&quot;element_pack_global_tooltip_border_radius&quot;:{&quot;unit&quot;:&quot;px&quot;,&quot;top&quot;:&quot;&quot;,&quot;right&quot;:&quot;&quot;,&quot;bottom&quot;:&quot;&quot;,&quot;left&quot;:&quot;&quot;,&quot;isLinked&quot;:true},&quot;element_pack_global_tooltip_border_radius_tablet&quot;:{&quot;unit&quot;:&quot;px&quot;,&quot;top&quot;:&quot;&quot;,&quot;right&quot;:&quot;&quot;,&quot;bottom&quot;:&quot;&quot;,&quot;left&quot;:&quot;&quot;,&quot;isLinked&quot;:true},&quot;element_pack_global_tooltip_border_radius_mobile&quot;:{&quot;unit&quot;:&quot;px&quot;,&quot;top&quot;:&quot;&quot;,&quot;right&quot;:&quot;&quot;,&quot;bottom&quot;:&quot;&quot;,&quot;left&quot;:&quot;&quot;,&quot;isLinked&quot;:true}}\" data-elementor-post-type=\"page\">\n\t\t\t\t\t\t<section class=\"elementor-section elementor-top-section elementor-element elementor-element-13fd7dcc elementor-section-height-min-height elementor-section-boxed elementor-section-height-default elementor-section-items-middle\" data-id=\"13fd7dcc\" data-element_type=\"section\" data-e-type=\"section\" data-settings=\"{&quot;background_background&quot;:&quot;classic&quot;}\">\n\t\t\t\t\t\t\t<div class=\"elementor-background-overlay\"><\/div>\n\t\t\t\t\t\t\t<div class=\"elementor-container elementor-column-gap-default\">\n\t\t\t\t\t<div class=\"elementor-column elementor-col-100 elementor-top-column elementor-element elementor-element-7ddb867d\" data-id=\"7ddb867d\" data-element_type=\"column\" data-e-type=\"column\">\n\t\t\t<div class=\"elementor-widget-wrap elementor-element-populated\">\n\t\t\t\t\t\t<div class=\"elementor-element elementor-element-3d897307 de_scroll_animation_no elementor-invisible elementor-widget elementor-widget-heading\" data-id=\"3d897307\" data-element_type=\"widget\" data-e-type=\"widget\" data-settings=\"{&quot;_animation&quot;:&quot;fadeIn&quot;}\" data-widget_type=\"heading.default\">\n\t\t\t\t<div class=\"elementor-widget-container\">\n\t\t\t\t\t<h2 class=\"elementor-heading-title elementor-size-default\">Bodrum Hisar\u00f6n\u00fc Bodrum<\/h2>\t\t\t\t<\/div>\n\t\t\t\t<\/div>\n\t\t\t\t<div class=\"elementor-element elementor-element-17f8fd25 elementor-icon-list--layout-inline elementor-align-center elementor-list-item-link-full_width de_scroll_animation_no elementor-invisible elementor-widget elementor-widget-icon-list\" data-id=\"17f8fd25\" data-element_type=\"widget\" data-e-type=\"widget\" data-settings=\"{&quot;_animation&quot;:&quot;fadeIn&quot;,&quot;_animation_delay&quot;:200}\" data-widget_type=\"icon-list.default\">\n\t\t\t\t<div class=\"elementor-widget-container\">\n\t\t\t\t\t\t\t<ul class=\"elementor-icon-list-items elementor-inline-items\">\n\t\t\t\t\t\t\t<li class=\"elementor-icon-list-item elementor-inline-item\">\n\t\t\t\t\t\t\t\t\t\t\t<a href=\"#\">\n\n\t\t\t\t\t\t\t\t\t\t\t<span class=\"elementor-icon-list-text\">Home<\/span>\n\t\t\t\t\t\t\t\t\t\t\t<\/a>\n\t\t\t\t\t\t\t\t\t<\/li>\n\t\t\t\t\t\t\t\t<li class=\"elementor-icon-list-item elementor-inline-item\">\n\t\t\t\t\t\t\t\t\t\t\t<span class=\"elementor-icon-list-icon\">\n\t\t\t\t\t\t\t<i aria-hidden=\"true\" class=\"icon icon-right-arrow2\"><\/i>\t\t\t\t\t\t<\/span>\n\t\t\t\t\t\t\t\t\t\t<span class=\"elementor-icon-list-text\">Routes<\/span>\n\t\t\t\t\t\t\t\t\t<\/li>\n\t\t\t\t\t\t<\/ul>\n\t\t\t\t\t\t<\/div>\n\t\t\t\t<\/div>\n\t\t\t\t\t<\/div>\n\t\t<\/div>\n\t\t\t\t\t<\/div>\n\t\t<\/section>\n\t\t<div class=\"elementor-element elementor-element-9e3d773 e-flex e-con-boxed e-con e-parent\" data-id=\"9e3d773\" data-element_type=\"container\" data-e-type=\"container\">\n\t\t\t\t\t<div class=\"e-con-inner\">\n\t\t\t\t<div class=\"elementor-element elementor-element-b017c97 de_scroll_animation_no elementor-widget elementor-widget-image\" data-id=\"b017c97\" data-element_type=\"widget\" data-e-type=\"widget\" data-widget_type=\"image.default\">\n\t\t\t\t<div class=\"elementor-widget-container\">\n\t\t\t\t\t\t\t\t\t\t\t\t\t\t\t<img fetchpriority=\"high\" decoding=\"async\" width=\"800\" height=\"600\" src=\"https:\/\/www.halcondelmar.com\/en\/wp-content\/uploads\/2025\/03\/fethiye-kekeva-1024x768.jpg\" class=\"attachment-large size-large wp-image-344\" alt=\"\" srcset=\"https:\/\/www.halcondelmar.com\/en\/wp-content\/uploads\/2025\/03\/fethiye-kekeva-1024x768.jpg 1024w, https:\/\/www.halcondelmar.com\/en\/wp-content\/uploads\/2025\/03\/fethiye-kekeva-300x225.jpg 300w, https:\/\/www.halcondelmar.com\/en\/wp-content\/uploads\/2025\/03\/fethiye-kekeva-768x576.jpg 768w, https:\/\/www.halcondelmar.com\/en\/wp-content\/uploads\/2025\/03\/fethiye-kekeva-1536x1151.jpg 1536w, https:\/\/www.halcondelmar.com\/en\/wp-content\/uploads\/2025\/03\/fethiye-kekeva-2048x1535.jpg 2048w\" sizes=\"(max-width: 800px) 100vw, 800px\" \/>\t\t\t\t\t\t\t\t\t\t\t\t\t\t\t<\/div>\n\t\t\t\t<\/div>\n\t\t\t\t\t<\/div>\n\t\t\t\t<\/div>\n\t\t\t\t<section class=\"elementor-section elementor-top-section elementor-element elementor-element-2b4498c8 elementor-section-boxed elementor-section-height-default elementor-section-height-default\" data-id=\"2b4498c8\" data-element_type=\"section\" data-e-type=\"section\">\n\t\t\t\t\t\t<div class=\"elementor-container elementor-column-gap-default\">\n\t\t\t\t\t<div class=\"elementor-column elementor-col-100 elementor-top-column elementor-element elementor-element-2aab1c68\" data-id=\"2aab1c68\" data-element_type=\"column\" data-e-type=\"column\">\n\t\t\t<div class=\"elementor-widget-wrap elementor-element-populated\">\n\t\t\t\t\t\t<div class=\"elementor-element elementor-element-57d74985 de_scroll_animation_no elementor-invisible elementor-widget elementor-widget-heading\" data-id=\"57d74985\" data-element_type=\"widget\" data-e-type=\"widget\" data-settings=\"{&quot;_animation&quot;:&quot;fadeIn&quot;,&quot;_animation_delay&quot;:200}\" data-widget_type=\"heading.default\">\n\t\t\t\t<div class=\"elementor-widget-container\">\n\t\t\t\t\t<h2 class=\"elementor-heading-title elementor-size-default\">Bodrum Hisar\u00f6n\u00fc Bodrum<\/h2>\t\t\t\t<\/div>\n\t\t\t\t<\/div>\n\t\t\t\t<div class=\"elementor-element elementor-element-ef02d62 de_scroll_animation_no elementor-widget elementor-widget-elementskit-accordion\" data-id=\"ef02d62\" data-element_type=\"widget\" data-e-type=\"widget\" data-widget_type=\"elementskit-accordion.default\">\n\t\t\t\t<div class=\"elementor-widget-container\">\n\t\t\t\t\t<div class=\"ekit-wid-con\" >\n        <div class=\"elementskit-accordion floating-style\" id=\"accordion-69f498c970423\">\n\n            \n                <div class=\"elementskit-card active\">\n                    <div class=\"elementskit-card-header\" id=\"primaryHeading-0-ef02d62\">\n                        <a href=\"#collapse-ae2156969f498c970423\" class=\"ekit-accordion--toggler elementskit-btn-link collapsed\" data-ekit-toggle=\"collapse\" data-target=\"#Collapse-ae2156969f498c970423\" aria-expanded=\"true\" aria-controls=\"Collapse-ae2156969f498c970423\">\n                            \n                            <span class=\"ekit-accordion-title\">1. Days \u2013 Bodrum<\/span>\n\n                            \n                                <div class=\"ekit_accordion_icon_group\">\n                                    <div class=\"ekit_accordion_normal_icon\">\n                                        <!-- Normal Icon -->\n\t\t\t\t\t\t\t\t\t\t<i class=\"icon icon-down-arrow1\"><\/i>                                    <\/div>\n\n                                    <div class=\"ekit_accordion_active_icon\">\n                                        <!-- Active Icon -->\n\t\t\t\t\t\t\t\t\t\t<i class=\"icon icon-up-arrow\"><\/i>                                    <\/div>\n                                <\/div>\n\n                            \n                                                    <\/a>\n                    <\/div>\n\n                    <div id=\"Collapse-ae2156969f498c970423\" class=\" show collapse\" aria-labelledby=\"primaryHeading-0-ef02d62\" data-parent=\"#accordion-69f498c970423\">\n\n                        <div class=\"elementskit-card-body ekit-accordion--content\">\n                            <p>Embarkation from Bodrum port until 15:00.<\/p><div>\u00a0<\/div><div>\u00a0<\/div><div>\u00a0<\/div><div>\u00a0<\/div>                        <\/div>\n\n                    <\/div>\n\n                <\/div><!-- .elementskit-card END -->\n\n                \n                <div class=\"elementskit-card \">\n                    <div class=\"elementskit-card-header\" id=\"primaryHeading-1-ef02d62\">\n                        <a href=\"#collapse-325d8ce69f498c970423\" class=\"ekit-accordion--toggler elementskit-btn-link collapsed\" data-ekit-toggle=\"collapse\" data-target=\"#Collapse-325d8ce69f498c970423\" aria-expanded=\"false\" aria-controls=\"Collapse-325d8ce69f498c970423\">\n                            \n                            <span class=\"ekit-accordion-title\">2. Days \u2013 Kos<\/span>\n\n                            \n                                <div class=\"ekit_accordion_icon_group\">\n                                    <div class=\"ekit_accordion_normal_icon\">\n                                        <!-- Normal Icon -->\n\t\t\t\t\t\t\t\t\t\t<i class=\"icon icon-down-arrow1\"><\/i>                                    <\/div>\n\n                                    <div class=\"ekit_accordion_active_icon\">\n                                        <!-- Active Icon -->\n\t\t\t\t\t\t\t\t\t\t<i class=\"icon icon-up-arrow\"><\/i>                                    <\/div>\n                                <\/div>\n\n                            \n                                                    <\/a>\n                    <\/div>\n\n                    <div id=\"Collapse-325d8ce69f498c970423\" class=\" collapse\" aria-labelledby=\"primaryHeading-1-ef02d62\" data-parent=\"#accordion-69f498c970423\">\n\n                        <div class=\"elementskit-card-body ekit-accordion--content\">\n                            <p>Departure after breakfast, 2 hours sailing to reach the island Kos is considered the father of the medical center created by Hippocrates, the most famous in the ancient world, the medical center of Asklepion. It is an island with the liveliest nightlife. If you do not want to stay in the port, anchor in the bay.<\/p><div>\u00a0<\/div>                        <\/div>\n\n                    <\/div>\n\n                <\/div><!-- .elementskit-card END -->\n\n                \n                <div class=\"elementskit-card \">\n                    <div class=\"elementskit-card-header\" id=\"primaryHeading-2-ef02d62\">\n                        <a href=\"#collapse-c93cc4a69f498c970423\" class=\"ekit-accordion--toggler elementskit-btn-link collapsed\" data-ekit-toggle=\"collapse\" data-target=\"#Collapse-c93cc4a69f498c970423\" aria-expanded=\"false\" aria-controls=\"Collapse-c93cc4a69f498c970423\">\n                            \n                            <span class=\"ekit-accordion-title\">3. Days \u2013 NISIROS \/ TILOS<\/span>\n\n                            \n                                <div class=\"ekit_accordion_icon_group\">\n                                    <div class=\"ekit_accordion_normal_icon\">\n                                        <!-- Normal Icon -->\n\t\t\t\t\t\t\t\t\t\t<i class=\"icon icon-down-arrow1\"><\/i>                                    <\/div>\n\n                                    <div class=\"ekit_accordion_active_icon\">\n                                        <!-- Active Icon -->\n\t\t\t\t\t\t\t\t\t\t<i class=\"icon icon-up-arrow\"><\/i>                                    <\/div>\n                                <\/div>\n\n                            \n                                                    <\/a>\n                    <\/div>\n\n                    <div id=\"Collapse-c93cc4a69f498c970423\" class=\" collapse\" aria-labelledby=\"primaryHeading-2-ef02d62\" data-parent=\"#accordion-69f498c970423\">\n\n                        <div class=\"elementskit-card-body ekit-accordion--content\">\n                            <p>Morning departure to Nisyros island. In 1422 there was a volcanic eruption that shaped this island, but the volcano is still active. You can visit the crater area. After the city tour, walk and lunch, then go to Tilos island. Dinner and overnight on this small island with great anchorages.<\/p><div>\u00a0<\/div><div>\u00a0<\/div>                        <\/div>\n\n                    <\/div>\n\n                <\/div><!-- .elementskit-card END -->\n\n                \n                <div class=\"elementskit-card \">\n                    <div class=\"elementskit-card-header\" id=\"primaryHeading-3-ef02d62\">\n                        <a href=\"#collapse-74a5e3169f498c970423\" class=\"ekit-accordion--toggler elementskit-btn-link collapsed\" data-ekit-toggle=\"collapse\" data-target=\"#Collapse-74a5e3169f498c970423\" aria-expanded=\"false\" aria-controls=\"Collapse-74a5e3169f498c970423\">\n                            \n                            <span class=\"ekit-accordion-title\">4. Days \u2013 KALMA \/ RODOS<\/span>\n\n                            \n                                <div class=\"ekit_accordion_icon_group\">\n                                    <div class=\"ekit_accordion_normal_icon\">\n                                        <!-- Normal Icon -->\n\t\t\t\t\t\t\t\t\t\t<i class=\"icon icon-down-arrow1\"><\/i>                                    <\/div>\n\n                                    <div class=\"ekit_accordion_active_icon\">\n                                        <!-- Active Icon -->\n\t\t\t\t\t\t\t\t\t\t<i class=\"icon icon-up-arrow\"><\/i>                                    <\/div>\n                                <\/div>\n\n                            \n                                                    <\/a>\n                    <\/div>\n\n                    <div id=\"Collapse-74a5e3169f498c970423\" class=\" collapse\" aria-labelledby=\"primaryHeading-3-ef02d62\" data-parent=\"#accordion-69f498c970423\">\n\n                        <div class=\"elementskit-card-body ekit-accordion--content\">\n                            <p>Kalki is a small island with a beautiful harbour, not visited much. A nice stopover before joining the port of Rhodes. The port of Rhodes is very quiet even in season. The evening city tour is an extraordinary moment.<\/p><div>\u00a0<\/div><div>\u00a0<\/div><div>\u00a0<\/div><div>\u00a0<\/div><div>\u00a0<\/div>                        <\/div>\n\n                    <\/div>\n\n                <\/div><!-- .elementskit-card END -->\n\n                \n                <div class=\"elementskit-card \">\n                    <div class=\"elementskit-card-header\" id=\"primaryHeading-4-ef02d62\">\n                        <a href=\"#collapse-c755af069f498c970423\" class=\"ekit-accordion--toggler elementskit-btn-link collapsed\" data-ekit-toggle=\"collapse\" data-target=\"#Collapse-c755af069f498c970423\" aria-expanded=\"false\" aria-controls=\"Collapse-c755af069f498c970423\">\n                            \n                            <span class=\"ekit-accordion-title\">5. Days \u2013 S\u0130M\u0130<\/span>\n\n                            \n                                <div class=\"ekit_accordion_icon_group\">\n                                    <div class=\"ekit_accordion_normal_icon\">\n                                        <!-- Normal Icon -->\n\t\t\t\t\t\t\t\t\t\t<i class=\"icon icon-down-arrow1\"><\/i>                                    <\/div>\n\n                                    <div class=\"ekit_accordion_active_icon\">\n                                        <!-- Active Icon -->\n\t\t\t\t\t\t\t\t\t\t<i class=\"icon icon-up-arrow\"><\/i>                                    <\/div>\n                                <\/div>\n\n                            \n                                                    <\/a>\n                    <\/div>\n\n                    <div id=\"Collapse-c755af069f498c970423\" class=\" collapse\" aria-labelledby=\"primaryHeading-4-ef02d62\" data-parent=\"#accordion-69f498c970423\">\n\n                        <div class=\"elementskit-card-body ekit-accordion--content\">\n                            <p>Morning departure to Simi island. We come south towards Panormitis monastery. Afternoon, after swimming break, entrance to the harbour. A beautiful village by the harbour. At night, enjoy the distinctly Greek atmosphere in this beautiful harbour or anchor in a bay.<\/p><div>\u00a0<\/div>                        <\/div>\n\n                    <\/div>\n\n                <\/div><!-- .elementskit-card END -->\n\n                \n                <div class=\"elementskit-card \">\n                    <div class=\"elementskit-card-header\" id=\"primaryHeading-5-ef02d62\">\n                        <a href=\"#collapse-e14cad169f498c970423\" class=\"ekit-accordion--toggler elementskit-btn-link collapsed\" data-ekit-toggle=\"collapse\" data-target=\"#Collapse-e14cad169f498c970423\" aria-expanded=\"false\" aria-controls=\"Collapse-e14cad169f498c970423\">\n                            \n                            <span class=\"ekit-accordion-title\">6. Days \u2013 DAT\u00c7A \/ KN\u0130DOS<\/span>\n\n                            \n                                <div class=\"ekit_accordion_icon_group\">\n                                    <div class=\"ekit_accordion_normal_icon\">\n                                        <!-- Normal Icon -->\n\t\t\t\t\t\t\t\t\t\t<i class=\"icon icon-down-arrow1\"><\/i>                                    <\/div>\n\n                                    <div class=\"ekit_accordion_active_icon\">\n                                        <!-- Active Icon -->\n\t\t\t\t\t\t\t\t\t\t<i class=\"icon icon-up-arrow\"><\/i>                                    <\/div>\n                                <\/div>\n\n                            \n                                                    <\/a>\n                    <\/div>\n\n                    <div id=\"Collapse-e14cad169f498c970423\" class=\" collapse\" aria-labelledby=\"primaryHeading-5-ef02d62\" data-parent=\"#accordion-69f498c970423\">\n\n                        <div class=\"elementskit-card-body ekit-accordion--content\">\n                            <p>Entry to T\u00fcrkiye from Dat\u00e7a. Free time at the port while the captain carries out customs procedures. After lunch, go to the Knidos region and anchor in Knidos<\/p><div>\u00a0<\/div><div>\u00a0<\/div><div>\u00a0<\/div><div>\u00a0<\/div><div>\u00a0<\/div><div>\u00a0<\/div>                        <\/div>\n\n                    <\/div>\n\n                <\/div><!-- .elementskit-card END -->\n\n                \n                <div class=\"elementskit-card \">\n                    <div class=\"elementskit-card-header\" id=\"primaryHeading-6-ef02d62\">\n                        <a href=\"#collapse-05eca6869f498c970423\" class=\"ekit-accordion--toggler elementskit-btn-link collapsed\" data-ekit-toggle=\"collapse\" data-target=\"#Collapse-05eca6869f498c970423\" aria-expanded=\"false\" aria-controls=\"Collapse-05eca6869f498c970423\">\n                            \n                            <span class=\"ekit-accordion-title\">7. Days \u2013 BODRUM<\/span>\n\n                            \n                                <div class=\"ekit_accordion_icon_group\">\n                                    <div class=\"ekit_accordion_normal_icon\">\n                                        <!-- Normal Icon -->\n\t\t\t\t\t\t\t\t\t\t<i class=\"icon icon-down-arrow1\"><\/i>                                    <\/div>\n\n                                    <div class=\"ekit_accordion_active_icon\">\n                                        <!-- Active Icon -->\n\t\t\t\t\t\t\t\t\t\t<i class=\"icon icon-up-arrow\"><\/i>                                    <\/div>\n                                <\/div>\n\n                            \n                                                    <\/a>\n                    <\/div>\n\n                    <div id=\"Collapse-05eca6869f498c970423\" class=\" collapse\" aria-labelledby=\"primaryHeading-6-ef02d62\" data-parent=\"#accordion-69f498c970423\">\n\n                        <div class=\"elementskit-card-body ekit-accordion--content\">\n                            <p>The return to Bodrum harbour begins with short breaks for swimming near the villages of Oraklar and\/or Yal\u0131 \u00c7iftli\u011fi, a diving centre. In the late afternoon, it is possible to anchor in one of the nearby bays of Bodrum or return directly to Bodrum harbour for those who wish to spend a night in Bodrum.<\/p><div>\u00a0<\/div><div>\u00a0<\/div><div>\u00a0<\/div><div>\u00a0<\/div><div>\u00a0<\/div><div>\u00a0<\/div><div>\u00a0<\/div>                        <\/div>\n\n                    <\/div>\n\n                <\/div><!-- .elementskit-card END -->\n\n                \n                <div class=\"elementskit-card \">\n                    <div class=\"elementskit-card-header\" id=\"primaryHeading-7-ef02d62\">\n                        <a href=\"#collapse-590964969f498c970423\" class=\"ekit-accordion--toggler elementskit-btn-link collapsed\" data-ekit-toggle=\"collapse\" data-target=\"#Collapse-590964969f498c970423\" aria-expanded=\"false\" aria-controls=\"Collapse-590964969f498c970423\">\n                            \n                            <span class=\"ekit-accordion-title\">8. Days \u2013 DEPARTURE<\/span>\n\n                            \n                                <div class=\"ekit_accordion_icon_group\">\n                                    <div class=\"ekit_accordion_normal_icon\">\n                                        <!-- Normal Icon -->\n\t\t\t\t\t\t\t\t\t\t<i class=\"icon icon-down-arrow1\"><\/i>                                    <\/div>\n\n                                    <div class=\"ekit_accordion_active_icon\">\n                                        <!-- Active Icon -->\n\t\t\t\t\t\t\t\t\t\t<i class=\"icon icon-up-arrow\"><\/i>                                    <\/div>\n                                <\/div>\n\n                            \n                                                    <\/a>\n                    <\/div>\n\n                    <div id=\"Collapse-590964969f498c970423\" class=\" collapse\" aria-labelledby=\"primaryHeading-7-ef02d62\" data-parent=\"#accordion-69f498c970423\">\n\n                        <div class=\"elementskit-card-body ekit-accordion--content\">\n                            <div class=\"container-wrap\"><div class=\"container main-content\"><div class=\"row\"><div class=\"wpb_row vc_row-fluid vc_row\"><div class=\"row_col_wrap_12 col span_12 dark left\"><div class=\"vc_col-sm-12 wpb_column column_container vc_column_container col no-extra-padding inherit_tablet inherit_phone \"><div class=\"vc_column-inner\"><div class=\"wpb_wrapper\"><div class=\"wpb_text_column wpb_content_element \"><div class=\"wpb_wrapper\"><p>Breakfast and transfer to the airport around 10:00.<\/p><\/div><\/div><\/div><\/div><\/div><\/div><\/div><\/div><\/div><\/div><div><div class=\"row\"><div class=\"container\"><div class=\"col span_7 col_last\">\u00a0<\/div><\/div><\/div><\/div><div>\u00a0<\/div><div>\u00a0<\/div><div>\u00a0<\/div><div>\u00a0<\/div><div>\u00a0<\/div><div>\u00a0<\/div><div>\u00a0<\/div><div>\u00a0<\/div><div>\u00a0<\/div>                        <\/div>\n\n                    <\/div>\n\n                <\/div><!-- .elementskit-card END -->\n\n                                        <\/div>\n    <\/div>\t\t\t\t<\/div>\n\t\t\t\t<\/div>\n\t\t\t\t\t<\/div>\n\t\t<\/div>\n\t\t\t\t\t<\/div>\n\t\t<\/section>\n\t\t\t\t<\/div>\n\t\t","protected":false},"excerpt":{"rendered":"<p>Bodrum Hisar\u00f6n\u00fc Bodrum Home Routes Bodrum Hisar\u00f6n\u00fc Bodrum 1. Days \u2013 Bodrum Embarkation from Bodrum port until 15:00. \u00a0\u00a0\u00a0\u00a0 2. Days \u2013 Kos Departure after breakfast, 2 hours sailing to reach the island Kos is considered the father of the medical center created by Hippocrates, the most famous in the ancient world, the medical center [&hellip;]<\/p>\n","protected":false},"author":1,"featured_media":0,"parent":0,"menu_order":0,"comment_status":"closed","ping_status":"closed","template":"elementor_header_footer","meta":{"footnotes":""},"class_list":["post-606","page","type-page","status-publish","hentry"],"_links":{"self":[{"href":"https:\/\/www.halcondelmar.com\/en\/wp-json\/wp\/v2\/pages\/606","targetHints":{"allow":["GET"]}}],"collection":[{"href":"https:\/\/www.halcondelmar.com\/en\/wp-json\/wp\/v2\/pages"}],"about":[{"href":"https:\/\/www.halcondelmar.com\/en\/wp-json\/wp\/v2\/types\/page"}],"author":[{"embeddable":true,"href":"https:\/\/www.halcondelmar.com\/en\/wp-json\/wp\/v2\/users\/1"}],"replies":[{"embeddable":true,"href":"https:\/\/www.halcondelmar.com\/en\/wp-json\/wp\/v2\/comments?post=606"}],"version-history":[{"count":77,"href":"https:\/\/www.halcondelmar.com\/en\/wp-json\/wp\/v2\/pages\/606\/revisions"}],"predecessor-version":[{"id":1330,"href":"https:\/\/www.halcondelmar.com\/en\/wp-json\/wp\/v2\/pages\/606\/revisions\/1330"}],"wp:attachment":[{"href":"https:\/\/www.halcondelmar.com\/en\/wp-json\/wp\/v2\/media?parent=606"}],"curies":[{"name":"wp","href":"https:\/\/api.w.org\/{rel}","templated":true}]}}